{"id":4327,"date":"2019-01-06T22:13:47","date_gmt":"2019-01-06T22:13:47","guid":{"rendered":"http:\/\/thetwistbrothers.de\/?page_id=4327"},"modified":"2023-05-01T15:38:28","modified_gmt":"2023-05-01T15:38:28","slug":"peer","status":"publish","type":"page","link":"http:\/\/thetwistbrothers.de\/?page_id=4327","title":{"rendered":"Peer"},"content":{"rendered":"\n<p>Gr\u00fcndungsmitglied der Twist Brothers und rhythmisches R\u00fcckgrat. Twisted, singt und trommelt auch mal mit dem Schalk im Nacken.<\/p>\n\n\n\n<figure class=\"wp-block-image size-large\"><img loading=\"lazy\" decoding=\"async\" width=\"1024\" height=\"682\" src=\"http:\/\/thetwistbrothers.de\/wp-content\/uploads\/2023\/05\/Peer-rechts_retD4B1859_1-1024x682.jpg\" alt=\"\" class=\"wp-image-4905\" srcset=\"http:\/\/thetwistbrothers.de\/wp-content\/uploads\/2023\/05\/Peer-rechts_retD4B1859_1-1024x682.jpg 1024w, http:\/\/thetwistbrothers.de\/wp-content\/uploads\/2023\/05\/Peer-rechts_retD4B1859_1-300x200.jpg 300w, http:\/\/thetwistbrothers.de\/wp-content\/uploads\/2023\/05\/Peer-rechts_retD4B1859_1-768x511.jpg 768w, http:\/\/thetwistbrothers.de\/wp-content\/uploads\/2023\/05\/Peer-rechts_retD4B1859_1-1536x1022.jpg 1536w, http:\/\/thetwistbrothers.de\/wp-content\/uploads\/2023\/05\/Peer-rechts_retD4B1859_1-2048x1363.jpg 2048w\" sizes=\"(max-width: 1024px) 100vw, 1024px\" \/><\/figure>\n\n\n\n<center><a href=\"http:\/\/thetwistbrothers.de\/?page_id=4323\"><img loading=\"lazy\" decoding=\"async\" width=\"80\" height=\"40\" src=\"http:\/\/thetwistbrothers.de\/wp-content\/uploads\/2020\/05\/arrow1.png\" alt=\"Bild\"><\/a>N\u00e4chste Bandmitglieder<a href=\"http:\/\/thetwistbrothers.de\/?page_id=4632\"><img loading=\"lazy\" decoding=\"async\" width=\"80\" height=\"40\" src=\"http:\/\/thetwistbrothers.de\/wp-content\/uploads\/2020\/04\/arrow.png\" alt=\"Bild\"><\/a><\/center>\n\n\n\n<p><strong><div class=\"sfsi_widget sfsi_shortcode_container\"><div class=\"norm_row sfsi_wDiv \"  style=\"width:225px;text-align:left;\"><div style='width:40px; height:40px;margin-left:5px;margin-bottom:5px; ' class='sfsi_wicons shuffeldiv ' ><div class='inerCnt'><a class=' sficn' data-effect='' target='_blank'  href='https:\/\/www.facebook.com\/TwistBrothersKiel\/' id='sfsiid_facebook_icon' style='width:40px;height:40px;opacity:1;'  ><img data-pin-nopin='true' alt='Facebook' title='Facebook' src='http:\/\/thetwistbrothers.de\/wp-content\/plugins\/ultimate-social-media-icons\/images\/icons_theme\/default\/default_facebook.png' width='40' height='40' style='' class='sfcm sfsi_wicon ' data-effect=''   \/><\/a><\/div><\/div><div style='width:40px; height:40px;margin-left:5px;margin-bottom:5px; ' class='sfsi_wicons shuffeldiv ' ><div class='inerCnt'><a class=' sficn' data-effect='' target='_blank'  href='https:\/\/www.youtube.com\/channel\/UCE5I8s2VEupwe6K3WGCIdnw' id='sfsiid_youtube_icon' style='width:40px;height:40px;opacity:1;'  ><img data-pin-nopin='true' alt='YouTube' title='YouTube' src='http:\/\/thetwistbrothers.de\/wp-content\/plugins\/ultimate-social-media-icons\/images\/icons_theme\/default\/default_youtube.png' width='40' height='40' style='' class='sfcm sfsi_wicon ' data-effect=''   \/><\/a><\/div><\/div><\/div ><div id=\"sfsi_holder\" class=\"sfsi_holders\" style=\"position: relative; float: left;width:100%;z-index:-1;\"><\/div ><script>window.addEventListener(\"sfsi_functions_loaded\", function()\n\t\t\t{\n\t\t\t\tif (typeof sfsi_widget_set == \"function\") {\n\t\t\t\t\tsfsi_widget_set();\n\t\t\t\t}\n\t\t\t}); <\/script><div style=\"clear: both;\"><\/div><\/div><\/strong><\/p>\n","protected":false},"excerpt":{"rendered":"<p>Gr\u00fcndungsmitglied der Twist Brothers und rhythmisches R\u00fcckgrat. Twisted, singt und trommelt auch mal mit dem Schalk im Nacken. N\u00e4chste Bandmitglieder<\/p>\n","protected":false},"author":3,"featured_media":0,"parent":4307,"menu_order":4,"comment_status":"closed","ping_status":"closed","template":"","meta":{"footnotes":""},"_links":{"self":[{"href":"http:\/\/thetwistbrothers.de\/index.php?rest_route=\/wp\/v2\/pages\/4327"}],"collection":[{"href":"http:\/\/thetwistbrothers.de\/index.php?rest_route=\/wp\/v2\/pages"}],"about":[{"href":"http:\/\/thetwistbrothers.de\/index.php?rest_route=\/wp\/v2\/types\/page"}],"author":[{"embeddable":true,"href":"http:\/\/thetwistbrothers.de\/index.php?rest_route=\/wp\/v2\/users\/3"}],"replies":[{"embeddable":true,"href":"http:\/\/thetwistbrothers.de\/index.php?rest_route=%2Fwp%2Fv2%2Fcomments&post=4327"}],"version-history":[{"count":10,"href":"http:\/\/thetwistbrothers.de\/index.php?rest_route=\/wp\/v2\/pages\/4327\/revisions"}],"predecessor-version":[{"id":4926,"href":"http:\/\/thetwistbrothers.de\/index.php?rest_route=\/wp\/v2\/pages\/4327\/revisions\/4926"}],"up":[{"embeddable":true,"href":"http:\/\/thetwistbrothers.de\/index.php?rest_route=\/wp\/v2\/pages\/4307"}],"wp:attachment":[{"href":"http:\/\/thetwistbrothers.de\/index.php?rest_route=%2Fwp%2Fv2%2Fmedia&parent=4327"}],"curies":[{"name":"wp","href":"https:\/\/api.w.org\/{rel}","templated":true}]}}